{"id":2219,"date":"2021-04-29T14:56:34","date_gmt":"2021-04-29T14:56:34","guid":{"rendered":"https:\/\/europe360vr.com\/nca\/"},"modified":"2023-08-04T00:58:44","modified_gmt":"2023-08-03T21:58:44","slug":"nca","status":"publish","type":"page","link":"https:\/\/europe360vr.com\/pl\/nca\/","title":{"rendered":"NEW CUSTOMER ADDING"},"content":{"rendered":"\t\t<div data-elementor-type=\"wp-page\" data-elementor-id=\"2219\" class=\"elementor elementor-2219\" data-elementor-post-type=\"page\">\n\t\t\t\t\t\t<section class=\"elementor-section elementor-top-section elementor-element elementor-element-a380deb elementor-section-content-middle elementor-section-stretched elementor-section-boxed elementor-section-height-default elementor-section-height-default\" data-id=\"a380deb\" data-element_type=\"section\" data-settings=\"{&quot;stretch_section&quot;:&quot;section-stretched&quot;}\">\n\t\t\t\t\t\t<div class=\"elementor-container elementor-column-gap-default\">\n\t\t\t\t\t<div class=\"elementor-column elementor-col-100 elementor-top-column elementor-element elementor-element-484c422\" data-id=\"484c422\" data-element_type=\"column\">\n\t\t\t<div class=\"elementor-widget-wrap elementor-element-populated\">\n\t\t\t\t\t\t<div class=\"elementor-element elementor-element-a6e0580 elementor-widget elementor-widget-heading\" data-id=\"a6e0580\" data-element_type=\"widget\" data-widget_type=\"heading.default\">\n\t\t\t\t<div class=\"elementor-widget-container\">\n\t\t\t\t\t<h4 class=\"elementor-heading-title elementor-size-default\"> Informacje o kliencie <\/h4>\t\t\t\t<\/div>\n\t\t\t\t<\/div>\n\t\t\t\t<div class=\"elementor-element elementor-element-d7d46de elementor-widget elementor-widget-wp-widget-wpforms-widget\" data-id=\"d7d46de\" data-element_type=\"widget\" data-widget_type=\"wp-widget-wpforms-widget.default\">\n\t\t\t\t<div class=\"elementor-widget-container\">\n\t\t\t\t\t<div class=\"wpforms-container \" id=\"wpforms-2223\"><form id=\"wpforms-form-2223\" class=\"wpforms-validate wpforms-form\" data-formid=\"2223\" method=\"post\" enctype=\"multipart\/form-data\" action=\"\/pl\/wp-json\/wp\/v2\/pages\/2219\" data-token=\"7794f3ff07e8031c55977aade4bd9d26\" data-token-time=\"1777700024\"><noscript class=\"wpforms-error-noscript\">Aby wype\u0142ni\u0107 ten formularz, w\u0142\u0105cz obs\u0142ug\u0119 JavaScript w przegl\u0105darce.<\/noscript><div class=\"wpforms-field-container\"><div id=\"wpforms-2223-field_38-container\" class=\"wpforms-field wpforms-field-checkbox wpforms-list-inline\" data-field-id=\"38\"><label class=\"wpforms-field-label wpforms-label-hide\"> Pola wyboru <\/label><ul id=\"wpforms-2223-field_38\"><li class=\"choice-1 depth-1\"><input type=\"checkbox\" id=\"wpforms-2223-field_38_1\" name=\"wpforms[fields][38][]\" value=\"Minus\"  ><label class=\"wpforms-field-label-inline\" for=\"wpforms-2223-field_38_1\">Minus<\/label><\/li><li class=\"choice-2 depth-1\"><input type=\"checkbox\" id=\"wpforms-2223-field_38_2\" name=\"wpforms[fields][38][]\" value=\"Plus\"  ><label class=\"wpforms-field-label-inline\" for=\"wpforms-2223-field_38_2\">Plus<\/label><\/li><\/ul><\/div><div id=\"wpforms-2223-field_25-container\" class=\"wpforms-field wpforms-field-date-time\" data-field-id=\"25\"><label class=\"wpforms-field-label\" for=\"wpforms-2223-field_25\"> Historia  <span class=\"wpforms-required-label\">*<\/span><\/label><div class=\"wpforms-datepicker-wrap\"><input type=\"text\" id=\"wpforms-2223-field_25\" class=\"wpforms-field-date-time-date wpforms-datepicker wpforms-field-required wpforms-field-medium\" data-date-format=\"m\/d\/Y\" data-disable-past-dates=\"0\" data-input=\"true\" name=\"wpforms[fields][25][date]\" required><a title=\"Clear Date\" data-clear role=\"button\" tabindex=\"0\" class=\"wpforms-datepicker-clear\" aria-label=\"Clear Date\" style=\"display:none;\"><\/a><\/div><\/div><div id=\"wpforms-2223-field_0-container\" class=\"wpforms-field wpforms-field-name\" data-field-id=\"0\"><label class=\"wpforms-field-label\" for=\"wpforms-2223-field_0\"> Nazwa firmy  <span class=\"wpforms-required-label\">*<\/span><\/label><input type=\"text\" id=\"wpforms-2223-field_0\" class=\"wpforms-field-medium wpforms-field-required\" name=\"wpforms[fields][0]\" required><\/div><div id=\"wpforms-2223-field_37-container\" class=\"wpforms-field wpforms-field-text\" data-field-id=\"37\"><label class=\"wpforms-field-label\" for=\"wpforms-2223-field_37\"> Lokalizacja <\/label><input type=\"text\" id=\"wpforms-2223-field_37\" class=\"wpforms-field-medium\" name=\"wpforms[fields][37]\" ><\/div><div id=\"wpforms-2223-field_26-container\" class=\"wpforms-field wpforms-field-name\" data-field-id=\"26\"><label class=\"wpforms-field-label\" for=\"wpforms-2223-field_26\"> Imi\u0119 i nazwisko <\/label><div class=\"wpforms-field-row wpforms-field-medium\"><div class=\"wpforms-field-row-block wpforms-first wpforms-one-half\"><input type=\"text\" id=\"wpforms-2223-field_26\" class=\"wpforms-field-name-first\" name=\"wpforms[fields][26][first]\" ><label for=\"wpforms-2223-field_26\" class=\"wpforms-field-sublabel after wpforms-sublabel-hide\">Pierwszy<\/label><\/div><div class=\"wpforms-field-row-block wpforms-one-half\"><input type=\"text\" id=\"wpforms-2223-field_26-last\" class=\"wpforms-field-name-last\" name=\"wpforms[fields][26][last]\" ><label for=\"wpforms-2223-field_26-last\" class=\"wpforms-field-sublabel after wpforms-sublabel-hide\">Ostatni<\/label><\/div><\/div><\/div><div id=\"wpforms-2223-field_3-container\" class=\"wpforms-field wpforms-field-phone\" data-field-id=\"3\"><label class=\"wpforms-field-label\" for=\"wpforms-2223-field_3\">Telefon<\/label><input type=\"tel\" id=\"wpforms-2223-field_3\" class=\"wpforms-field-medium\" data-rule-int-phone-field=\"true\" name=\"wpforms[fields][3]\" aria-label=\"Telefon\" ><\/div><div id=\"wpforms-2223-field_2-container\" class=\"wpforms-field wpforms-field-email\" data-field-id=\"2\"><label class=\"wpforms-field-label\" for=\"wpforms-2223-field_2\">Email<\/label><input type=\"email\" id=\"wpforms-2223-field_2\" class=\"wpforms-field-medium\" name=\"wpforms[fields][2]\" spellcheck=\"false\" ><\/div><div id=\"wpforms-2223-field_27-container\" class=\"wpforms-field wpforms-field-select wpforms-field-select-style-classic\" data-field-id=\"27\"><label class=\"wpforms-field-label\" for=\"wpforms-2223-field_27\"> Miasto <\/label><select id=\"wpforms-2223-field_27\" class=\"wpforms-field-medium\" name=\"wpforms[fields][27]\"><option value=\"Iskele\"  class=\"choice-1 depth-1\"  >Iskele<\/option><option value=\"Magusa\"  class=\"choice-2 depth-1\"  >Magusa<\/option><option value=\"Lefkosa\"  class=\"choice-3 depth-1\"  >Lefkosa<\/option><option value=\"Guzelyurt\"  class=\"choice-6 depth-1\"  >Guzelyurt<\/option><option value=\"Girne\"  class=\"choice-5 depth-1\"  >Girne<\/option><option value=\"Lefke\"  class=\"choice-4 depth-1\"  >Lefke<\/option><\/select><\/div><div id=\"wpforms-2223-field_39-container\" class=\"wpforms-field wpforms-field-text\" data-field-id=\"39\"><label class=\"wpforms-field-label\" for=\"wpforms-2223-field_39\"> Prowincja <\/label><input type=\"text\" id=\"wpforms-2223-field_39\" class=\"wpforms-field-medium\" name=\"wpforms[fields][39]\" ><\/div><div id=\"wpforms-2223-field_1-container\" class=\"wpforms-field wpforms-field-text\" data-field-id=\"1\"><label class=\"wpforms-field-label\" for=\"wpforms-2223-field_1\">Sektor<\/label><input type=\"text\" id=\"wpforms-2223-field_1\" class=\"wpforms-field-medium\" name=\"wpforms[fields][1]\" ><\/div><div id=\"wpforms-2223-field_19-container\" class=\"wpforms-field wpforms-field-select wpforms-field-select-style-classic\" data-field-id=\"19\"><label class=\"wpforms-field-label\" for=\"wpforms-2223-field_19\"> Liczba strza\u0142\u00f3w <\/label><select id=\"wpforms-2223-field_19\" class=\"wpforms-field-medium\" name=\"wpforms[fields][19]\"><option value=\"1\"  class=\"choice-1 depth-1\"  >1<\/option><option value=\"1-5\"  class=\"choice-2 depth-1\"  >1-5<\/option><option value=\"6-10\"  class=\"choice-3 depth-1\"  >6-10<\/option><\/select><\/div><div id=\"wpforms-2223-field_28-container\" class=\"wpforms-field wpforms-field-text\" data-field-id=\"28\"><label class=\"wpforms-field-label\" for=\"wpforms-2223-field_28\"> Okre\u015blona liczba strza\u0142\u00f3w <\/label><input type=\"text\" id=\"wpforms-2223-field_28\" class=\"wpforms-field-medium\" name=\"wpforms[fields][28]\" ><\/div><div id=\"wpforms-2223-field_22-container\" class=\"wpforms-field wpforms-field-select wpforms-field-select-style-classic\" data-field-id=\"22\"><label class=\"wpforms-field-label\" for=\"wpforms-2223-field_22\"> Cena jednostkowa <\/label><select id=\"wpforms-2223-field_22\" class=\"wpforms-field-medium\" name=\"wpforms[fields][22]\"><option value=\"50\"  class=\"choice-4 depth-1\"  >50<\/option><option value=\"65\"  class=\"choice-3 depth-1\"  >65<\/option><option value=\"80\"  class=\"choice-2 depth-1\"  >80<\/option><option value=\"100\"  class=\"choice-1 depth-1\"  >100<\/option><\/select><\/div><div id=\"wpforms-2223-field_11-container\" class=\"wpforms-field wpforms-field-text\" data-field-id=\"11\"><label class=\"wpforms-field-label\" for=\"wpforms-2223-field_11\"> Cena ca\u0142kowita <\/label><input type=\"text\" id=\"wpforms-2223-field_11\" class=\"wpforms-field-medium\" name=\"wpforms[fields][11]\" ><\/div><div id=\"wpforms-2223-field_29-container\" class=\"wpforms-field wpforms-field-text\" data-field-id=\"29\"><label class=\"wpforms-field-label\" for=\"wpforms-2223-field_29\"> Uzgodniona kwota <\/label><input type=\"text\" id=\"wpforms-2223-field_29\" class=\"wpforms-field-medium\" name=\"wpforms[fields][29]\" ><\/div><div id=\"wpforms-2223-field_30-container\" class=\"wpforms-field wpforms-field-text\" data-field-id=\"30\"><label class=\"wpforms-field-label\" for=\"wpforms-2223-field_30\"> Zebrana kwota <\/label><input type=\"text\" id=\"wpforms-2223-field_30\" class=\"wpforms-field-medium\" name=\"wpforms[fields][30]\" ><\/div><div id=\"wpforms-2223-field_31-container\" class=\"wpforms-field wpforms-field-text\" data-field-id=\"31\"><label class=\"wpforms-field-label\" for=\"wpforms-2223-field_31\"> Odniesienie <\/label><input type=\"text\" id=\"wpforms-2223-field_31\" class=\"wpforms-field-medium\" name=\"wpforms[fields][31]\" ><\/div><div id=\"wpforms-2223-field_32-container\" class=\"wpforms-field wpforms-field-text\" data-field-id=\"32\"><label class=\"wpforms-field-label\" for=\"wpforms-2223-field_32\"> Dodaje <\/label><input type=\"text\" id=\"wpforms-2223-field_32\" class=\"wpforms-field-medium\" name=\"wpforms[fields][32]\" ><\/div><div id=\"wpforms-2223-field_14-container\" class=\"wpforms-field wpforms-field-text\" data-field-id=\"14\"><label class=\"wpforms-field-label\" for=\"wpforms-2223-field_14\">Po\u017c\u0105dana us\u0142uga dodatkowa <\/label><input type=\"text\" id=\"wpforms-2223-field_14\" class=\"wpforms-field-medium\" name=\"wpforms[fields][14]\" ><\/div><div id=\"wpforms-2223-field_18-container\" class=\"wpforms-field wpforms-field-text\" data-field-id=\"18\"><label class=\"wpforms-field-label\" for=\"wpforms-2223-field_18\">Obja\u015bnienie<\/label><input type=\"text\" id=\"wpforms-2223-field_18\" class=\"wpforms-field-medium\" name=\"wpforms[fields][18]\" ><\/div><\/div><!-- .wpforms-field-container --><div class=\"wpforms-submit-container\" ><input type=\"hidden\" name=\"wpforms[id]\" value=\"2223\"><input type=\"hidden\" name=\"page_title\" value=\"\"><input type=\"hidden\" name=\"page_url\" value=\"https:\/\/europe360vr.com\/pl\/wp-json\/wp\/v2\/pages\/2219\"><input type=\"hidden\" name=\"url_referer\" value=\"\"><button type=\"submit\" name=\"wpforms[submit]\" id=\"wpforms-submit-2223\" class=\"wpforms-submit\" data-alt-text=\" Wy\u015blij...\" data-submit-text=\" Wy\u015blij \" aria-live=\"assertive\" value=\"wpforms-submit\"> Wy\u015blij <\/button><\/div><\/form><\/div>  <!-- .wpforms-container -->\t\t\t\t<\/div>\n\t\t\t\t<\/div>\n\t\t\t\t\t<\/div>\n\t\t<\/div>\n\t\t\t\t\t<\/div>\n\t\t<\/section>\n\t\t\t\t<\/div>\n\t\t","protected":false},"excerpt":{"rendered":"<p>Informacje o kliencie<\/p>\n","protected":false},"author":2,"featured_media":0,"parent":0,"menu_order":0,"comment_status":"closed","ping_status":"closed","template":"","meta":{"site-sidebar-layout":"no-sidebar","site-content-layout":"page-builder","ast-site-content-layout":"default","site-content-style":"default","site-sidebar-style":"default","ast-global-header-display":"","ast-banner-title-visibility":"","ast-main-header-display":"disabled","ast-hfb-above-header-display":"","ast-hfb-below-header-display":"","ast-hfb-mobile-header-display":"disabled","site-post-title":"disabled","ast-breadcrumbs-content":"","ast-featured-img":"disabled","footer-sml-layout":"disabled","theme-transparent-header-meta":"default","adv-header-id-meta":"","stick-header-meta":"default","header-above-stick-meta":"","header-main-stick-meta":"","header-below-stick-meta":"","astra-migrate-meta-layouts":"default","ast-page-background-enabled":"default","ast-page-background-meta":{"desktop":{"background-color":"","background-image":"","background-repeat":"repeat","background-position":"center center","background-size":"auto","background-attachment":"scroll","background-type":"","background-media":"","overlay-type":"","overlay-color":"","overlay-opacity":"","overlay-gradient":""},"tablet":{"background-color":"","background-image":"","background-repeat":"repeat","background-position":"center center","background-size":"auto","background-attachment":"scroll","background-type":"","background-media":"","overlay-type":"","overlay-color":"","overlay-opacity":"","overlay-gradient":""},"mobile":{"background-color":"","background-image":"","background-repeat":"repeat","background-position":"center center","background-size":"auto","background-attachment":"scroll","background-type":"","background-media":"","overlay-type":"","overlay-color":"","overlay-opacity":"","overlay-gradient":""}},"ast-content-background-meta":{"desktop":{"background-color":"var(--ast-global-color-5)","background-image":"","background-repeat":"repeat","background-position":"center center","background-size":"auto","background-attachment":"scroll","background-type":"","background-media":"","overlay-type":"","overlay-color":"","overlay-opacity":"","overlay-gradient":""},"tablet":{"background-color":"var(--ast-global-color-5)","background-image":"","background-repeat":"repeat","background-position":"center center","background-size":"auto","background-attachment":"scroll","background-type":"","background-media":"","overlay-type":"","overlay-color":"","overlay-opacity":"","overlay-gradient":""},"mobile":{"background-color":"var(--ast-global-color-5)","background-image":"","background-repeat":"repeat","background-position":"center center","background-size":"auto","background-attachment":"scroll","background-type":"","background-media":"","overlay-type":"","overlay-color":"","overlay-opacity":"","overlay-gradient":""}},"footnotes":""},"class_list":["post-2219","page","type-page","status-publish","hentry"],"_links":{"self":[{"href":"https:\/\/europe360vr.com\/pl\/wp-json\/wp\/v2\/pages\/2219","targetHints":{"allow":["GET"]}}],"collection":[{"href":"https:\/\/europe360vr.com\/pl\/wp-json\/wp\/v2\/pages"}],"about":[{"href":"https:\/\/europe360vr.com\/pl\/wp-json\/wp\/v2\/types\/page"}],"author":[{"embeddable":true,"href":"https:\/\/europe360vr.com\/pl\/wp-json\/wp\/v2\/users\/2"}],"replies":[{"embeddable":true,"href":"https:\/\/europe360vr.com\/pl\/wp-json\/wp\/v2\/comments?post=2219"}],"version-history":[{"count":3,"href":"https:\/\/europe360vr.com\/pl\/wp-json\/wp\/v2\/pages\/2219\/revisions"}],"predecessor-version":[{"id":2234,"href":"https:\/\/europe360vr.com\/pl\/wp-json\/wp\/v2\/pages\/2219\/revisions\/2234"}],"wp:attachment":[{"href":"https:\/\/europe360vr.com\/pl\/wp-json\/wp\/v2\/media?parent=2219"}],"curies":[{"name":"wp","href":"https:\/\/api.w.org\/{rel}","templated":true}]}}